{"id":731,"date":"2023-04-12T09:15:40","date_gmt":"2023-04-12T07:15:40","guid":{"rendered":"https:\/\/inclita.es\/?post_type=product&#038;p=731"},"modified":"2023-04-30T18:01:37","modified_gmt":"2023-04-30T16:01:37","slug":"florer-mercat-central-gran","status":"publish","type":"product","link":"https:\/\/inclita.es\/index.php\/producto\/florer-mercat-central-gran\/","title":{"rendered":"Florer Mercat Central (Gran)"},"content":{"rendered":"<p><strong>Materials:<\/strong> Metacrilat acr\u00edlic.<\/p>\n<hr \/>\n<p><strong>Acabats i variacions:<\/strong> Actualment, es presenta en dos acabats diferents i dues mides. Un dels acabats combina una l\u00e0mina frontal groga i una del darrere verd, l&#8217;altre dels acabats utilitza material fluor, amb la l\u00e0mina frontal groc-verd\u00f3s fluor i la del darrere taronja intens fluor.<\/p>\n<hr \/>\n<p><strong>Consells i manteniment:<\/strong> Per a la neteja es recomana utilitzar un drap humit o emprant alcohol de neteja o productes de neteja que no siguin agressius o tinguin dissolvents, ja que pot danyar les peces o l&#8217;adhesiu. No us heu d&#8217;omplir amb aigua o qualsevol l\u00edquid, no s&#8217;assegura l&#8217;estanquitat de la cavitat. Tampoc no s&#8217;ha d&#8217;introduir una gran quantitat de plantes o recipients a l&#8217;interior, la pressi\u00f3 pot provocar que se separin les l\u00e0mines. Perqu\u00e8 llu\u00efsca b\u00e9 el producte se suggereix utilitzar flors menudes o branques decoratives, enaltint el producte i les flors. Si se situa en un lloc amb sol directe projecta la geometria i els colors.<\/p>\n<hr \/>\n<p><strong>Mida menut:<\/strong> Alt 21,5 cm. Ample 12,5 cm. Profunditat 4cm.<br \/>\n<strong>Pes aproximat:<\/strong> 130 g.<br \/>\n<strong>Grand\u00e0ria caixa:<\/strong> 25,5 x 17 x 6 cm.<br \/>\n<strong>Pes amb caixa:<\/strong> 220 g.<\/p>\n<p><strong>Mida gran:<\/strong> Alt 36,5 cm. Ample 21 cm. Profunditat 7 cm.<br \/>\n<strong>Pes aproximat:<\/strong> 400 g.<br \/>\n<strong>Mida caixa:<\/strong> 42 x 26 x 10 cm.<br \/>\n<strong>Pes amb caixa:<\/strong> 600 g.<\/p>\n","protected":false},"excerpt":{"rendered":"<p>Una pe\u00e7a inspirada per l&#8217;arquitectura modernista del Mercat Central de Val\u00e8ncia. Un florer, que amb lleugeres i subtils decoracions florals i vegetals el fa ressaltar encara m\u00e9s. Es pot veure gravada la fa\u00e7ana amb els finestrals, la gran c\u00fapula recoberta per escates cer\u00e0miques i les bigues de ferro de l&#8217;interior del Mercat Central.<\/p>\n","protected":false},"featured_media":291,"comment_status":"closed","ping_status":"closed","template":"","meta":{"_monsterinsights_skip_tracking":false,"_monsterinsights_sitenote_active":false,"_monsterinsights_sitenote_note":"","_monsterinsights_sitenote_category":0},"product_cat":[50],"product_tag":[],"class_list":{"0":"post-731","1":"product","2":"type-product","3":"status-publish","4":"has-post-thumbnail","6":"product_cat-florer","8":"first","9":"instock","10":"taxable","11":"shipping-taxable","12":"purchasable","13":"product-type-variable"},"jetpack_sharing_enabled":true,"_links":{"self":[{"href":"https:\/\/inclita.es\/index.php\/wp-json\/wp\/v2\/product\/731","targetHints":{"allow":["GET"]}}],"collection":[{"href":"https:\/\/inclita.es\/index.php\/wp-json\/wp\/v2\/product"}],"about":[{"href":"https:\/\/inclita.es\/index.php\/wp-json\/wp\/v2\/types\/product"}],"replies":[{"embeddable":true,"href":"https:\/\/inclita.es\/index.php\/wp-json\/wp\/v2\/comments?post=731"}],"wp:featuredmedia":[{"embeddable":true,"href":"https:\/\/inclita.es\/index.php\/wp-json\/wp\/v2\/media\/291"}],"wp:attachment":[{"href":"https:\/\/inclita.es\/index.php\/wp-json\/wp\/v2\/media?parent=731"}],"wp:term":[{"taxonomy":"product_cat","embeddable":true,"href":"https:\/\/inclita.es\/index.php\/wp-json\/wp\/v2\/product_cat?post=731"},{"taxonomy":"product_tag","embeddable":true,"href":"https:\/\/inclita.es\/index.php\/wp-json\/wp\/v2\/product_tag?post=731"}],"curies":[{"name":"wp","href":"https:\/\/api.w.org\/{rel}","templated":true}]}}