{"id":410,"date":"2023-02-26T18:30:48","date_gmt":"2023-02-26T17:30:48","guid":{"rendered":"https:\/\/inclita.es\/?post_type=product&#038;p=410"},"modified":"2023-03-29T13:20:31","modified_gmt":"2023-03-29T11:20:31","slug":"espill-a-la-lluna-de-valencia","status":"publish","type":"product","link":"https:\/\/inclita.es\/index.php\/producto\/espill-a-la-lluna-de-valencia\/","title":{"rendered":"Espill A la Lluna de Val\u00e8ncia"},"content":{"rendered":"<p>&nbsp;<\/p>\n<p><strong>Materials:<\/strong> Fusta de faig, espill de vidre<\/p>\n<hr \/>\n<p><strong>Acabats i variacions:<\/strong> Nom\u00e9s es presenta en un acabat. El color de la fusta pot variar perqu\u00e8 \u00e9s un producte natural i t\u00e9 variaci\u00f3 per lot o vetes. El mirall t\u00e9 un lleuger to fumat c\u00e0lid.<\/p>\n<hr \/>\n<p><strong>Consells i manteniment:<\/strong> Per a un manteniment adequat es recomana netejar el mirall i la base per separat, l&#8217;espill s&#8217;extrau de forma senzilla de la ranura posterior de la base. Utilitzar productes adequats a fusta i vidre per allargar la vida del producte. La base de fusta est\u00e0 tractada amb oli mineral per protegir-la. L&#8217;espill es pot reposicionar al llarg de la ranura.<\/p>\n<hr \/>\n<p><strong>Dimensions:<\/strong> Di\u00e0metre de l&#8217;espill20 cm. Ample base 12 cm. Alt base 7,5 cm. Al\u00e7ada amb espill 22 cm. Profunditat 9 cm.<br \/>\n<strong>Pes aproximat:<\/strong> 630 g.<br \/>\n<strong>Dimensions caixa:<\/strong> 26 x 23,5 x 10,5 cm.<br \/>\n<strong>Pes amb caixa:<\/strong> 800 g.<\/p>\n","protected":false},"excerpt":{"rendered":"<p>La Porta dels Serrans es converteix en una geometria senzilla realitzada artesanalment amb fusta de faig per tal de sostenir un elegant espill red\u00f3.<\/p>\n","protected":false},"featured_media":411,"comment_status":"closed","ping_status":"closed","template":"","meta":{"_monsterinsights_skip_tracking":false,"_monsterinsights_sitenote_active":false,"_monsterinsights_sitenote_note":"","_monsterinsights_sitenote_category":0},"product_cat":[49],"product_tag":[],"class_list":{"0":"post-410","1":"product","2":"type-product","3":"status-publish","4":"has-post-thumbnail","6":"product_cat-espill","8":"first","9":"instock","10":"taxable","11":"shipping-taxable","12":"purchasable","13":"product-type-simple"},"jetpack_sharing_enabled":true,"_links":{"self":[{"href":"https:\/\/inclita.es\/index.php\/wp-json\/wp\/v2\/product\/410","targetHints":{"allow":["GET"]}}],"collection":[{"href":"https:\/\/inclita.es\/index.php\/wp-json\/wp\/v2\/product"}],"about":[{"href":"https:\/\/inclita.es\/index.php\/wp-json\/wp\/v2\/types\/product"}],"replies":[{"embeddable":true,"href":"https:\/\/inclita.es\/index.php\/wp-json\/wp\/v2\/comments?post=410"}],"wp:featuredmedia":[{"embeddable":true,"href":"https:\/\/inclita.es\/index.php\/wp-json\/wp\/v2\/media\/411"}],"wp:attachment":[{"href":"https:\/\/inclita.es\/index.php\/wp-json\/wp\/v2\/media?parent=410"}],"wp:term":[{"taxonomy":"product_cat","embeddable":true,"href":"https:\/\/inclita.es\/index.php\/wp-json\/wp\/v2\/product_cat?post=410"},{"taxonomy":"product_tag","embeddable":true,"href":"https:\/\/inclita.es\/index.php\/wp-json\/wp\/v2\/product_tag?post=410"}],"curies":[{"name":"wp","href":"https:\/\/api.w.org\/{rel}","templated":true}]}}