{"id":338,"date":"2023-01-25T17:09:25","date_gmt":"2023-01-25T16:09:25","guid":{"rendered":"https:\/\/inclita.es\/?post_type=product&#038;p=338"},"modified":"2023-04-12T09:15:14","modified_gmt":"2023-04-12T07:15:14","slug":"ciri-seda","status":"publish","type":"product","link":"https:\/\/inclita.es\/index.php\/producto\/ciri-seda\/","title":{"rendered":"Ciri Seda"},"content":{"rendered":"<p><strong>Materials:<\/strong> Ciri de parafina, base de fusta de pi<\/p>\n<hr \/>\n<p><strong>Acabats i variacions:<\/strong> Actualment es presenta en quatre acabats diferents. Blau, Taronja, Verd i Blanc cru. Tots els acabats presenten aroma c\u00edtric.<\/p>\n<hr \/>\n<p><strong>Consells i manteniment:<\/strong> Tot i que el ciri est\u00e0 fet amb parafina de fosa a alta temperatura, no es recomana situar-la a prop de fonts de calor o sol intens directe. Si s&#8217;enc\u00e9n cal col\u00b7locar una safata o superf\u00edcie per evitar danyar els mobles quan es fon la parafina. Sempre ha d&#8217;estar controlat mentre est\u00e0 enc\u00e9s i allunyada de materials inflamables. La durada estimada \u00e9s de 3h i mitja. Com que \u00e9s un producte artesanal, pot tenir lleugeres variacions de color o acabat respecte a les imatges de refer\u00e8ncia. Amb el pas del temps podeu arribar a perdre l&#8217;aroma o tornar-se m\u00e9s subtil, a causa de la seva evaporaci\u00f3.<\/p>\n<hr \/>\n<p><strong>Dimensions:<\/strong> Alt ciri amb base 22 cm. Ample ciri 9 cm, ample base 12 cm. Gruix 3 cm.<br \/>\n<strong>Pes aproximat:<\/strong> 240 g.<br \/>\n<strong>Grand\u00e0ria caixa:<\/strong> 25,5 x 17 x 6 cm.<br \/>\n<strong>Pes amb caixa:<\/strong> 330 g.<\/p>\n","protected":false},"excerpt":{"rendered":"<p>El ciri pren la geometria tan caracter\u00edstica de l\u2019estil g\u00f2tic valenci\u00e0, en concret la inspiraci\u00f3 prov\u00e9 de la Llotja de la Seda.<br \/>\nEl seu colorit es connecta amb Val\u00e8ncia i les ciutats mediterr\u00e0nies.<\/p>\n<p>La taronja i els c\u00edtrics s\u00f3n l&#8217;aroma predominant a aquest ciri.<\/p>\n","protected":false},"featured_media":134,"comment_status":"closed","ping_status":"closed","template":"","meta":{"_monsterinsights_skip_tracking":false,"_monsterinsights_sitenote_active":false,"_monsterinsights_sitenote_note":"","_monsterinsights_sitenote_category":0},"product_cat":[41],"product_tag":[47,45,44,42,48,43,46],"class_list":{"0":"post-338","1":"product","2":"type-product","3":"status-publish","4":"has-post-thumbnail","6":"product_cat-ciri-seda","7":"product_tag-blanc","8":"product_tag-blau","9":"product_tag-candle","10":"product_tag-ciri","11":"product_tag-taronja","12":"product_tag-vela","13":"product_tag-verd","15":"first","16":"instock","17":"taxable","18":"shipping-taxable","19":"purchasable","20":"product-type-variable"},"jetpack_sharing_enabled":true,"_links":{"self":[{"href":"https:\/\/inclita.es\/index.php\/wp-json\/wp\/v2\/product\/338","targetHints":{"allow":["GET"]}}],"collection":[{"href":"https:\/\/inclita.es\/index.php\/wp-json\/wp\/v2\/product"}],"about":[{"href":"https:\/\/inclita.es\/index.php\/wp-json\/wp\/v2\/types\/product"}],"replies":[{"embeddable":true,"href":"https:\/\/inclita.es\/index.php\/wp-json\/wp\/v2\/comments?post=338"}],"wp:featuredmedia":[{"embeddable":true,"href":"https:\/\/inclita.es\/index.php\/wp-json\/wp\/v2\/media\/134"}],"wp:attachment":[{"href":"https:\/\/inclita.es\/index.php\/wp-json\/wp\/v2\/media?parent=338"}],"wp:term":[{"taxonomy":"product_cat","embeddable":true,"href":"https:\/\/inclita.es\/index.php\/wp-json\/wp\/v2\/product_cat?post=338"},{"taxonomy":"product_tag","embeddable":true,"href":"https:\/\/inclita.es\/index.php\/wp-json\/wp\/v2\/product_tag?post=338"}],"curies":[{"name":"wp","href":"https:\/\/api.w.org\/{rel}","templated":true}]}}