{"id":488,"date":"2023-03-23T09:45:32","date_gmt":"2023-03-23T08:45:32","guid":{"rendered":"https:\/\/inclita.es\/?page_id=488"},"modified":"2023-03-23T09:45:34","modified_gmt":"2023-03-23T08:45:34","slug":"politica-de-privacitat","status":"publish","type":"page","link":"https:\/\/inclita.es\/index.php\/politica-de-privacitat\/","title":{"rendered":"Pol\u00edtica de privacitat"},"content":{"rendered":"\n<p>Respectant el que estableix la legislaci\u00f3 vigent, \u00cdNCLITA (d&#8217;ara endavant, tamb\u00e9 Lloc Web) es compromet a adoptar les mesures t\u00e8cniques i organitzatives necess\u00e0ries, segons el nivell de seguretat adequat al risc de les dades recollides.<\/p>\n\n\n\n<p>L&#8217;Usuari t\u00e9 sobre el Lloc Web i podr\u00e0, per tant, exercir davant del Responsable del tractament els seg\u00fcents drets reconeguts al RGPD i la Llei Org\u00e0nica 3\/2018, de 5 de desembre, de Protecci\u00f3 de Dades Personals i garantia dels drets digitals dacc\u00e9s, ratificaci\u00f3, supressi\u00f3, oposici\u00f3 entre altres.<\/p>\n\n\n\n<h2 class=\"wp-block-heading\">Qui som<\/h2>\n\n\n\n<p>L&#8217;adre\u00e7a de la nostra web \u00e9s: www.inclita.es i l&#8217;email de contacte \u00e9s: hola@inclita.es<\/p>\n\n\n\n<h2 class=\"wp-block-heading\">Registre de Dades de Car\u00e0cter Personal<\/h2>\n\n\n\n<p>En compliment del que estableix el RGPD i la LOPD-GDD, us informem que les dades personals demanades pel Lloc Web, mitjan\u00e7ant els formularis estesos a les vostres p\u00e0gines quedaran incorporats i seran tractats al nostre fitxer per tal de poder facilitar, agilitzar i complir els compromisos establerts entre el Lloc Web i l&#8217;Usuari o el manteniment de la relaci\u00f3 que s&#8217;estableixi als formularis que aquest empleni, o per atendre&#8217;n una sol\u00b7licitud o consulta. Aix\u00ed mateix, de conformitat amb el que preveu el RGPD i la LOPD-GDD, llevat que sigui aplicable l&#8217;excepci\u00f3 prevista a l&#8217;article 30.5 del RGPD, es mant\u00e9 un registre d&#8217;activitats de tractament que especifica, segons les seves finalitats, les activitats de tractament dutes a terme i les altres circumst\u00e0ncies establertes al RGPD.<\/p>\n\n\n\n<h2 class=\"wp-block-heading\">Informaci\u00f3 recollida<\/h2>\n\n\n\n<p>El nostre lloc web podr\u00e0 recollir informaci\u00f3 personal per exemple: Nom, informaci\u00f3 de contacte com la vostra adre\u00e7a de correu electr\u00f2nica i informaci\u00f3 demogr\u00e0fica. Aix\u00ed mateix quan sigui necessari podr\u00e0 ser requerida informaci\u00f3 espec\u00edfica per processar alguna comanda o fer un lliurament o facturaci\u00f3.<\/p>\n\n\n\n<h2 class=\"wp-block-heading\">Contingut incrustat d&#8217;altres llocs web<\/h2>\n\n\n\n<p>Els articles d&#8217;aquest lloc web poden incloure contingut incrustat (per exemple, v\u00eddeos, imatges, articles, etc.). El contingut incrustat d&#8217;altres webs es comporta exactament de la mateixa manera que si el visitant hagu\u00e9s visitat l&#8217;altra web.<\/p>\n\n\n\n<p>Aquestes webs poden recopilar dades sobre tu, utilitzar cookies, incrustar un seguiment addicional de tercers, i supervisar la teva interacci\u00f3 amb aquest contingut incrustat, incl\u00f2s el seguiment de la teva interacci\u00f3 amb el contingut incrustat si tens un compte i est\u00e0s connectat a aquest web.<\/p>\n\n\n\n<h2 class=\"wp-block-heading\">Quant de temps conservem les teves dades<\/h2>\n\n\n\n<p>Si deixeu un comentari, el comentari i les seves metadades es conserven indefinidament. Aix\u00f2 \u00e9s perqu\u00e8 puguem recon\u00e8ixer i aprovar comentaris successius autom\u00e0ticament, en lloc de mantenir-los en una cua de moderaci\u00f3.<\/p>\n\n\n\n<p>Dels usuaris que es registren a la nostra web (de moment no aplica), tamb\u00e9 emmagatzemem la informaci\u00f3 personal que proporcionen al vostre perfil d&#8217;usuari. Tots els usuaris poden veure, editar o eliminar la vostra informaci\u00f3 personal en qualsevol moment (excepte que no poden canviar el vostre nom d&#8217;usuari). Els administradors de la web tamb\u00e9 poden veure i editar aquesta informaci\u00f3.<\/p>\n\n\n\n<h2 class=\"wp-block-heading\">Quins drets tens sobre les teues dades<\/h2>\n\n\n\n<p>Si tens un compte o has deixat comentaris en aquesta web, pots sol\u00b7licitar que eliminem qualsevol dada personal que tinguem sobre tu. Aix\u00f2 no inclou cap dada que estiguem obligats a conservar amb fins administratius, legals o de seguretat.<\/p>\n\n\n\n<h2 class=\"wp-block-heading\">Destinataris de les dades personals<\/h2>\n\n\n\n<p>Les dades personals dels usuaris nom\u00e9s seran compartides per tercers en cas de necessitat. Aix\u00f2 podria incloure, per\u00f2 no est\u00e0 nom\u00e9s limitat a aix\u00f2, an\u00e0lisi, m\u00e0rqueting, passarel\u00b7les de pagament, prove\u00efdors d&#8217;enviament i incrustats de tercers.<\/p>\n\n\n\n<h2 class=\"wp-block-heading\">Reclamacions davant de l&#8217;autoritat de control<\/h2>\n\n\n\n<p>En cas que l&#8217;usuari consideri que hi ha un problema o infracci\u00f3 de la normativa vigent en la forma com s&#8217;estan tractant les seves dades personals, tindr\u00e0 dret a la tutela judicial efectiva ia presentar una reclamaci\u00f3 davant d&#8217;una autoritat de control, en particular, a l&#8217;Estat on tingui la resid\u00e8ncia habitual, el lloc de treball o el lloc de la suposada infracci\u00f3. En cas d&#8217;Espanya, l&#8217;autoritat de control \u00e9s l&#8217;Ag\u00e8ncia Espanyola de Protecci\u00f3 de Dades (https:\/\/www.aepd.es\/).<\/p>\n\n\n\n<h2 class=\"wp-block-heading\">Acceptaci\u00f3 i canvis daquesta pol\u00edtica de privadesa.<\/h2>\n\n\n\n<p>\u00c9s necessari que l&#8217;Usuari hagi llegit i estigui conforme amb les condicions sobre la protecci\u00f3 de dades de car\u00e0cter personal contingudes en aquesta Pol\u00edtica de Privadesa, aix\u00ed com que accepti el tractament de les seves dades personals perqu\u00e8 el Responsable del tractament pugui procedir-hi a la forma, durant els terminis i per a les finalitats indicades. L&#8217;\u00fas del Lloc Web implicar\u00e0 l&#8217;acceptaci\u00f3 de la Pol\u00edtica de Privadesa del mateix.<br>El Lloc Web es reserva el dret a modificar la seva Pol\u00edtica de Privadesa, d&#8217;acord amb el seu propi criteri, o motivat per un canvi legislatiu, jurisprudencial o doctrinal de l&#8217;Ag\u00e8ncia Espanyola de Protecci\u00f3 de Dades. Els canvis o actualitzacions d&#8217;aquesta Pol\u00edtica de Privadesa no seran notificats de manera expl\u00edcita a l&#8217;Usuari. Es recomana a l&#8217;Usuari consultar aquesta p\u00e0gina de forma peri\u00f2dica per estar al corrent dels darrers canvis o actualitzacions<\/p>\n","protected":false},"excerpt":{"rendered":"<p>Respectant el que estableix la legislaci\u00f3 vigent, \u00cdNCLITA (d&#8217;ara endavant, tamb\u00e9 Lloc Web) es compromet a adoptar les mesures t\u00e8cniques [&hellip;]<\/p>\n","protected":false},"author":1,"featured_media":0,"parent":0,"menu_order":0,"comment_status":"closed","ping_status":"closed","template":"","meta":{"_monsterinsights_skip_tracking":false,"_monsterinsights_sitenote_active":false,"_monsterinsights_sitenote_note":"","_monsterinsights_sitenote_category":0,"footnotes":""},"class_list":["post-488","page","type-page","status-publish","hentry"],"jetpack_sharing_enabled":true,"_links":{"self":[{"href":"https:\/\/inclita.es\/index.php\/wp-json\/wp\/v2\/pages\/488","targetHints":{"allow":["GET"]}}],"collection":[{"href":"https:\/\/inclita.es\/index.php\/wp-json\/wp\/v2\/pages"}],"about":[{"href":"https:\/\/inclita.es\/index.php\/wp-json\/wp\/v2\/types\/page"}],"author":[{"embeddable":true,"href":"https:\/\/inclita.es\/index.php\/wp-json\/wp\/v2\/users\/1"}],"replies":[{"embeddable":true,"href":"https:\/\/inclita.es\/index.php\/wp-json\/wp\/v2\/comments?post=488"}],"version-history":[{"count":1,"href":"https:\/\/inclita.es\/index.php\/wp-json\/wp\/v2\/pages\/488\/revisions"}],"predecessor-version":[{"id":489,"href":"https:\/\/inclita.es\/index.php\/wp-json\/wp\/v2\/pages\/488\/revisions\/489"}],"wp:attachment":[{"href":"https:\/\/inclita.es\/index.php\/wp-json\/wp\/v2\/media?parent=488"}],"curies":[{"name":"wp","href":"https:\/\/api.w.org\/{rel}","templated":true}]}}