{"id":439,"date":"2023-02-26T18:00:00","date_gmt":"2023-02-26T17:00:00","guid":{"rendered":"https:\/\/inclita.es\/?page_id=439"},"modified":"2023-04-12T10:06:54","modified_gmt":"2023-04-12T08:06:54","slug":"espill-a-la-lluna-de-valencia","status":"publish","type":"page","link":"https:\/\/inclita.es\/index.php\/espill-a-la-lluna-de-valencia\/","title":{"rendered":"Espill A la Lluna de Val\u00e8ncia"},"content":{"rendered":"\n<figure class=\"wp-block-gallery alignfull has-nested-images columns-4 is-cropped wp-block-gallery-1 is-layout-flex wp-block-gallery-is-layout-flex\">\n<figure class=\"wp-block-image size-large\"><img loading=\"lazy\" decoding=\"async\" width=\"1024\" height=\"1024\" data-id=\"438\" src=\"https:\/\/inclita.es\/wp-content\/uploads\/2023\/02\/torre-copia-e1677230325422-1024x1024.png\" alt=\"\" class=\"wp-image-438\" srcset=\"https:\/\/inclita.es\/wp-content\/uploads\/2023\/02\/torre-copia-e1677230325422-1024x1024.png 1024w, https:\/\/inclita.es\/wp-content\/uploads\/2023\/02\/torre-copia-e1677230325422-420x420.png 420w, https:\/\/inclita.es\/wp-content\/uploads\/2023\/02\/torre-copia-e1677230325422-100x100.png 100w, https:\/\/inclita.es\/wp-content\/uploads\/2023\/02\/torre-copia-e1677230325422-800x799.png 800w, https:\/\/inclita.es\/wp-content\/uploads\/2023\/02\/torre-copia-e1677230325422-300x300.png 300w, https:\/\/inclita.es\/wp-content\/uploads\/2023\/02\/torre-copia-e1677230325422-150x150.png 150w, https:\/\/inclita.es\/wp-content\/uploads\/2023\/02\/torre-copia-e1677230325422-768x767.png 768w, https:\/\/inclita.es\/wp-content\/uploads\/2023\/02\/torre-copia-e1677230325422-1536x1534.png 1536w, https:\/\/inclita.es\/wp-content\/uploads\/2023\/02\/torre-copia-e1677230325422-2048x2046.png 2048w\" sizes=\"auto, (max-width: 1024px) 100vw, 1024px\" \/><\/figure>\n\n\n\n<figure class=\"wp-block-image size-large\"><img loading=\"lazy\" decoding=\"async\" width=\"1024\" height=\"1024\" data-id=\"440\" src=\"https:\/\/inclita.es\/wp-content\/uploads\/2023\/02\/Espill-A-la-Lluna-de-Valencia-sq-1024x1024.jpg\" alt=\"\" class=\"wp-image-440\" srcset=\"https:\/\/inclita.es\/wp-content\/uploads\/2023\/02\/Espill-A-la-Lluna-de-Valencia-sq-1024x1024.jpg 1024w, https:\/\/inclita.es\/wp-content\/uploads\/2023\/02\/Espill-A-la-Lluna-de-Valencia-sq-scaled-420x420.jpg 420w, https:\/\/inclita.es\/wp-content\/uploads\/2023\/02\/Espill-A-la-Lluna-de-Valencia-sq-scaled-100x100.jpg 100w, https:\/\/inclita.es\/wp-content\/uploads\/2023\/02\/Espill-A-la-Lluna-de-Valencia-sq-scaled-800x800.jpg 800w, https:\/\/inclita.es\/wp-content\/uploads\/2023\/02\/Espill-A-la-Lluna-de-Valencia-sq-300x300.jpg 300w, https:\/\/inclita.es\/wp-content\/uploads\/2023\/02\/Espill-A-la-Lluna-de-Valencia-sq-150x150.jpg 150w, https:\/\/inclita.es\/wp-content\/uploads\/2023\/02\/Espill-A-la-Lluna-de-Valencia-sq-768x768.jpg 768w, https:\/\/inclita.es\/wp-content\/uploads\/2023\/02\/Espill-A-la-Lluna-de-Valencia-sq-1536x1536.jpg 1536w, https:\/\/inclita.es\/wp-content\/uploads\/2023\/02\/Espill-A-la-Lluna-de-Valencia-sq-2048x2048.jpg 2048w\" sizes=\"auto, (max-width: 1024px) 100vw, 1024px\" \/><\/figure>\n\n\n\n<figure class=\"wp-block-image size-large\"><img loading=\"lazy\" decoding=\"async\" width=\"1024\" height=\"1024\" data-id=\"411\" src=\"https:\/\/inclita.es\/wp-content\/uploads\/2023\/02\/instagram-ESPILL-06-1024x1024.png\" alt=\"\" class=\"wp-image-411\" srcset=\"https:\/\/inclita.es\/wp-content\/uploads\/2023\/02\/instagram-ESPILL-06-1024x1024.png 1024w, https:\/\/inclita.es\/wp-content\/uploads\/2023\/02\/instagram-ESPILL-06-420x420.png 420w, https:\/\/inclita.es\/wp-content\/uploads\/2023\/02\/instagram-ESPILL-06-100x100.png 100w, https:\/\/inclita.es\/wp-content\/uploads\/2023\/02\/instagram-ESPILL-06-800x800.png 800w, https:\/\/inclita.es\/wp-content\/uploads\/2023\/02\/instagram-ESPILL-06-300x300.png 300w, https:\/\/inclita.es\/wp-content\/uploads\/2023\/02\/instagram-ESPILL-06-150x150.png 150w, https:\/\/inclita.es\/wp-content\/uploads\/2023\/02\/instagram-ESPILL-06-768x768.png 768w, https:\/\/inclita.es\/wp-content\/uploads\/2023\/02\/instagram-ESPILL-06-1536x1536.png 1536w, https:\/\/inclita.es\/wp-content\/uploads\/2023\/02\/instagram-ESPILL-06-2048x2048.png 2048w\" sizes=\"auto, (max-width: 1024px) 100vw, 1024px\" \/><\/figure>\n\n\n\n<figure class=\"wp-block-image size-large\"><img loading=\"lazy\" decoding=\"async\" width=\"1024\" height=\"1024\" data-id=\"441\" src=\"https:\/\/inclita.es\/wp-content\/uploads\/2023\/02\/Espill-A-la-Lluna-de-Valencia-sq5-1024x1024.jpg\" alt=\"\" class=\"wp-image-441\" srcset=\"https:\/\/inclita.es\/wp-content\/uploads\/2023\/02\/Espill-A-la-Lluna-de-Valencia-sq5-1024x1024.jpg 1024w, https:\/\/inclita.es\/wp-content\/uploads\/2023\/02\/Espill-A-la-Lluna-de-Valencia-sq5-scaled-420x420.jpg 420w, https:\/\/inclita.es\/wp-content\/uploads\/2023\/02\/Espill-A-la-Lluna-de-Valencia-sq5-scaled-100x100.jpg 100w, https:\/\/inclita.es\/wp-content\/uploads\/2023\/02\/Espill-A-la-Lluna-de-Valencia-sq5-scaled-800x800.jpg 800w, https:\/\/inclita.es\/wp-content\/uploads\/2023\/02\/Espill-A-la-Lluna-de-Valencia-sq5-300x300.jpg 300w, https:\/\/inclita.es\/wp-content\/uploads\/2023\/02\/Espill-A-la-Lluna-de-Valencia-sq5-150x150.jpg 150w, https:\/\/inclita.es\/wp-content\/uploads\/2023\/02\/Espill-A-la-Lluna-de-Valencia-sq5-768x768.jpg 768w, https:\/\/inclita.es\/wp-content\/uploads\/2023\/02\/Espill-A-la-Lluna-de-Valencia-sq5-1536x1536.jpg 1536w, https:\/\/inclita.es\/wp-content\/uploads\/2023\/02\/Espill-A-la-Lluna-de-Valencia-sq5-2048x2048.jpg 2048w\" sizes=\"auto, (max-width: 1024px) 100vw, 1024px\" \/><\/figure>\n<\/figure>\n\n\n\n<h1 class=\"wp-block-heading has-text-align-center\">Espill A la Lluna de Val\u00e8ncia<\/h1>\n\n\n\n<div class=\"wp-block-media-text alignwide is-stacked-on-mobile\"><figure class=\"wp-block-media-text__media\"><img loading=\"lazy\" decoding=\"async\" width=\"1024\" height=\"683\" src=\"https:\/\/inclita.es\/wp-content\/uploads\/2023\/02\/DSC0110-1024x683.jpg\" alt=\"\" class=\"wp-image-444 size-large\" srcset=\"https:\/\/inclita.es\/wp-content\/uploads\/2023\/02\/DSC0110-1024x683.jpg 1024w, https:\/\/inclita.es\/wp-content\/uploads\/2023\/02\/DSC0110-scaled-800x533.jpg 800w, https:\/\/inclita.es\/wp-content\/uploads\/2023\/02\/DSC0110-300x200.jpg 300w, https:\/\/inclita.es\/wp-content\/uploads\/2023\/02\/DSC0110-768x512.jpg 768w, https:\/\/inclita.es\/wp-content\/uploads\/2023\/02\/DSC0110-1536x1024.jpg 1536w, https:\/\/inclita.es\/wp-content\/uploads\/2023\/02\/DSC0110-2048x1365.jpg 2048w\" sizes=\"auto, (max-width: 1024px) 100vw, 1024px\" \/><\/figure><div class=\"wp-block-media-text__content\">\n<div style=\"height:20px\" aria-hidden=\"true\" class=\"wp-block-spacer\"><\/div>\n\n\n\n<p>\u201cA la Lluna de Val\u00e8ncia\u201d \u00e9s una expressi\u00f3 molt coneguda a la ciutat, es diu que l\u2019origen prov\u00e9 de quan Val\u00e8ncia era una ciutat emmurallada i tancaven de nit les portes de la ciutat. Amb una conceptualitzaci\u00f3 de la Porta de Serrans amb volums de fusta de faig i un espill red\u00f3 es simbolitza aquesta expressi\u00f3.<\/p>\n<\/div><\/div>\n\n\n\n<div class=\"wp-block-media-text alignwide has-media-on-the-right is-stacked-on-mobile is-vertically-aligned-top\"><div class=\"wp-block-media-text__content\">\n<div style=\"height:20px\" aria-hidden=\"true\" class=\"wp-block-spacer\"><\/div>\n\n\n\n<p>La fusta de faig treballada artesanalment li atorga una qualitat excepcional, enaltint la geometria m\u00e9s pura dels tres volums frontals.<\/p>\n\n\n\n<p>L&#8217;espill t\u00e9 una lleugera tonalitat fumada amb tints c\u00e0lids, resultant de gran eleg\u00e0ncia.<\/p>\n\n\n\n<p>Es recomana extraure l&#8217;espill de la base per netejar ambd\u00f3s parts amb productes espec\u00edfics per a cada material.<\/p>\n\n\n\n<p>El <strong>di\u00e0metre <\/strong>de l&#8217;espill \u00e9s de <strong>20 cm<\/strong>. El conjunt de l&#8217;espill amb la base \u00e9s de <strong>22 cm<\/strong> d&#8217;altura i un ample de 20 cm. Les mides de l&#8217;empaquetat s\u00f3n: 26cm\u00d723,5cm\u00d710,5cm.<\/p>\n\n\n\n<div class=\"wp-block-buttons is-content-justification-center is-layout-flex wp-container-core-buttons-is-layout-16018d1d wp-block-buttons-is-layout-flex\">\n<div class=\"wp-block-button has-custom-width wp-block-button__width-100\"><a class=\"wp-block-button__link wp-element-button\" href=\"https:\/\/inclita.es\/index.php\/producto\/espill-a-la-lluna-de-valencia\/\">ANAR A LA TENDA<\/a><\/div>\n<\/div>\n\n\n\n<div style=\"height:56px\" aria-hidden=\"true\" class=\"wp-block-spacer\"><\/div>\n\n\n\n<p>Podreu trobar aquest producte a la nostra tenda <em>online <\/em>i a la tenda de <em>\u00d6bjetto<\/em>.<\/p>\n\n\n\n<div class=\"wp-block-columns are-vertically-aligned-center is-layout-flex wp-container-core-columns-is-layout-9d6595d7 wp-block-columns-is-layout-flex\">\n<div class=\"wp-block-column is-vertically-aligned-center is-layout-flow wp-block-column-is-layout-flow\"><div class=\"wp-block-image\">\n<figure class=\"aligncenter size-full is-resized\"><a href=\"https:\/\/objetto.info\/producto\/espejo-a-la-lluna-de-valencia\" target=\"_blank\" rel=\"noreferrer noopener\"><img loading=\"lazy\" decoding=\"async\" src=\"https:\/\/inclita.es\/wp-content\/uploads\/2023\/02\/objetto.png\" alt=\"\" class=\"wp-image-448\" width=\"88\" height=\"88\" srcset=\"https:\/\/inclita.es\/wp-content\/uploads\/2023\/02\/objetto.png 200w, https:\/\/inclita.es\/wp-content\/uploads\/2023\/02\/objetto-100x100.png 100w, https:\/\/inclita.es\/wp-content\/uploads\/2023\/02\/objetto-150x150.png 150w\" sizes=\"auto, (max-width: 88px) 100vw, 88px\" \/><\/a><\/figure>\n<\/div><\/div>\n\n\n\n<div class=\"wp-block-column is-vertically-aligned-center is-layout-flow wp-block-column-is-layout-flow\"><div class=\"wp-block-image\">\n<figure class=\"aligncenter size-full is-resized\"><a href=\"https:\/\/www.instagram.com\/_inclita_\/\" target=\"_blank\" rel=\"noreferrer noopener\"><img loading=\"lazy\" decoding=\"async\" src=\"https:\/\/inclita.es\/wp-content\/uploads\/2022\/11\/insta.png\" alt=\"\" class=\"wp-image-85\" width=\"55\" height=\"55\" srcset=\"https:\/\/inclita.es\/wp-content\/uploads\/2022\/11\/insta.png 196w, https:\/\/inclita.es\/wp-content\/uploads\/2022\/11\/insta-100x100.png 100w, https:\/\/inclita.es\/wp-content\/uploads\/2022\/11\/insta-150x150.png 150w\" sizes=\"auto, (max-width: 55px) 100vw, 55px\" \/><\/a><\/figure>\n<\/div><\/div>\n<\/div>\n\n\n\n<p><\/p>\n<\/div><figure class=\"wp-block-media-text__media\"><img loading=\"lazy\" decoding=\"async\" width=\"1024\" height=\"1024\" src=\"https:\/\/inclita.es\/wp-content\/uploads\/2023\/02\/Espill-A-la-Lluna-de-Valencia-2sq-1024x1024.jpg\" alt=\"\" class=\"wp-image-443 size-large\" srcset=\"https:\/\/inclita.es\/wp-content\/uploads\/2023\/02\/Espill-A-la-Lluna-de-Valencia-2sq-1024x1024.jpg 1024w, https:\/\/inclita.es\/wp-content\/uploads\/2023\/02\/Espill-A-la-Lluna-de-Valencia-2sq-scaled-420x420.jpg 420w, https:\/\/inclita.es\/wp-content\/uploads\/2023\/02\/Espill-A-la-Lluna-de-Valencia-2sq-scaled-100x100.jpg 100w, https:\/\/inclita.es\/wp-content\/uploads\/2023\/02\/Espill-A-la-Lluna-de-Valencia-2sq-scaled-800x800.jpg 800w, https:\/\/inclita.es\/wp-content\/uploads\/2023\/02\/Espill-A-la-Lluna-de-Valencia-2sq-300x300.jpg 300w, https:\/\/inclita.es\/wp-content\/uploads\/2023\/02\/Espill-A-la-Lluna-de-Valencia-2sq-150x150.jpg 150w, https:\/\/inclita.es\/wp-content\/uploads\/2023\/02\/Espill-A-la-Lluna-de-Valencia-2sq-768x768.jpg 768w, https:\/\/inclita.es\/wp-content\/uploads\/2023\/02\/Espill-A-la-Lluna-de-Valencia-2sq-1536x1536.jpg 1536w, https:\/\/inclita.es\/wp-content\/uploads\/2023\/02\/Espill-A-la-Lluna-de-Valencia-2sq-2048x2048.jpg 2048w\" sizes=\"auto, (max-width: 1024px) 100vw, 1024px\" \/><\/figure><\/div>\n\n\n\n<div style=\"height:92px\" aria-hidden=\"true\" class=\"wp-block-spacer\"><\/div>\n\n\n\n<div class=\"wp-block-cover alignfull is-light\" style=\"min-height:591px;aspect-ratio:unset;\"><span aria-hidden=\"true\" class=\"wp-block-cover__background has-background-dim-0 has-background-dim\"><\/span><img loading=\"lazy\" decoding=\"async\" width=\"1159\" height=\"907\" class=\"wp-block-cover__image-background wp-image-445\" alt=\"\" src=\"https:\/\/inclita.es\/wp-content\/uploads\/2023\/02\/valenciatorresdeserranosantigua05.jpg\" style=\"object-position:51% 10%\" data-object-fit=\"cover\" data-object-position=\"51% 10%\" srcset=\"https:\/\/inclita.es\/wp-content\/uploads\/2023\/02\/valenciatorresdeserranosantigua05.jpg 1159w, https:\/\/inclita.es\/wp-content\/uploads\/2023\/02\/valenciatorresdeserranosantigua05-800x626.jpg 800w, https:\/\/inclita.es\/wp-content\/uploads\/2023\/02\/valenciatorresdeserranosantigua05-300x235.jpg 300w, https:\/\/inclita.es\/wp-content\/uploads\/2023\/02\/valenciatorresdeserranosantigua05-1024x801.jpg 1024w, https:\/\/inclita.es\/wp-content\/uploads\/2023\/02\/valenciatorresdeserranosantigua05-768x601.jpg 768w\" sizes=\"auto, (max-width: 1159px) 100vw, 1159px\" \/><div class=\"wp-block-cover__inner-container is-layout-flow wp-block-cover-is-layout-flow\">\n<p class=\"has-text-align-center has-large-font-size\"><\/p>\n<\/div><\/div>\n","protected":false},"excerpt":{"rendered":"<p>Espill A la Lluna de Val\u00e8ncia<\/p>\n","protected":false},"author":1,"featured_media":0,"parent":0,"menu_order":0,"comment_status":"closed","ping_status":"closed","template":"","meta":{"_monsterinsights_skip_tracking":false,"_monsterinsights_sitenote_active":false,"_monsterinsights_sitenote_note":"","_monsterinsights_sitenote_category":0,"footnotes":""},"class_list":["post-439","page","type-page","status-publish","hentry"],"jetpack_sharing_enabled":true,"_links":{"self":[{"href":"https:\/\/inclita.es\/index.php\/wp-json\/wp\/v2\/pages\/439","targetHints":{"allow":["GET"]}}],"collection":[{"href":"https:\/\/inclita.es\/index.php\/wp-json\/wp\/v2\/pages"}],"about":[{"href":"https:\/\/inclita.es\/index.php\/wp-json\/wp\/v2\/types\/page"}],"author":[{"embeddable":true,"href":"https:\/\/inclita.es\/index.php\/wp-json\/wp\/v2\/users\/1"}],"replies":[{"embeddable":true,"href":"https:\/\/inclita.es\/index.php\/wp-json\/wp\/v2\/comments?post=439"}],"version-history":[{"count":6,"href":"https:\/\/inclita.es\/index.php\/wp-json\/wp\/v2\/pages\/439\/revisions"}],"predecessor-version":[{"id":757,"href":"https:\/\/inclita.es\/index.php\/wp-json\/wp\/v2\/pages\/439\/revisions\/757"}],"wp:attachment":[{"href":"https:\/\/inclita.es\/index.php\/wp-json\/wp\/v2\/media?parent=439"}],"curies":[{"name":"wp","href":"https:\/\/api.w.org\/{rel}","templated":true}]}}