{"id":325,"date":"2023-01-21T12:01:41","date_gmt":"2023-01-21T11:01:41","guid":{"rendered":"https:\/\/inclita.es\/?page_id=325"},"modified":"2023-03-23T10:01:45","modified_gmt":"2023-03-23T09:01:45","slug":"enviaments-devolucions-condicions","status":"publish","type":"page","link":"https:\/\/inclita.es\/index.php\/enviaments-devolucions-condicions\/","title":{"rendered":"Enviaments, devolucions i condicions"},"content":{"rendered":"\n<h2 class=\"wp-block-heading\">Enviaments<\/h2>\n\n\n\n<p>El temps de preparaci\u00f3 de comandes \u00e9s entre 2 i 5 dies laborals.<\/p>\n\n\n\n<p>El temps d&#8217;aquests enviaments se sol estimar entre 2 i 4 dies laborables aproximadament. No som responsables de possibles retards. En definitiva, des que fas una comanda fins que arriba solen passar entre 4 i 10 dies.<\/p>\n\n\n\n<p>Des de \u00cdNCLITA enviem les nostres comandes mitjan\u00e7ant Correos. Fem enviaments ordinari i certificat. La difer\u00e8ncia \u00e9s que l&#8217;enviament certificat inclou un localitzador de paquet (n\u00famero de seguiment) que podr\u00e0s fer servir per saber on es troba la teua comanda en tot moment, i la necessitat de signar per rebre el paquet aportant seguretat i garantia.<\/p>\n\n\n\n<p>El repartidor de Correus lliurar\u00e0 a la m\u00e0 la comanda. Si no hi ha ning\u00fa al domicili en el moment en qu\u00e8 el repartidor lliurar\u00e0 la comanda, aquest deixar\u00e0 un \u201cav\u00eds de lliurament\u201d a la b\u00fastia del client. Amb aquest rebut i el DNI, el client haur\u00e0 d&#8217;anar a la seva oficina de Correus corresponent per recollir la comanda en un termini de 15 dies (tot aix\u00f2 apareix reflectit a l&#8217;\u201cav\u00eds de lliurament\u201d que deixa el carter a la b\u00fastia).<\/p>\n\n\n\n<p>Actualment nom\u00e9s operem de forma autom\u00e0tica a Espanya, per la qual cosa fem enviaments a Pen\u00ednsula. Per\u00f2 s\u00ed vols rebre la teva comanda a Balears, Can\u00e0ries o qualsevol altre pa\u00eds, escriu-nos a hola@inclita.es i prepararem la comanda amb la tarifa d&#8217;enviament corresponent.<\/p>\n\n\n\n<h2 class=\"wp-block-heading\">Devolucions<\/h2>\n\n\n\n<p>No acceptem canvis i devolucions com a norma general. De tota manera t&#8217;animem a que ens escriguis a hola@inclita.es explicant-nos el teu problema i t&#8217;intentarem ajudar en la mesura del possible. En funci\u00f3 del tipus de reclamaci\u00f3 el client es compromet a abonar els costos d&#8217;enviament.<\/p>\n\n\n\n<p>No oferim devolucions excepte en el cas que el producte arribi malm\u00e8s o en mal estat. Si \u00e9s el cas, recorda que disposes de 7 dies des que reps la comanda per notificar-nos-ho via mail.<\/p>\n\n\n\n<p>Si vols fer algun canvi a la comanda podr\u00e0s fer-ho de forma completament gratu\u00efta fins a les 21:00h del dia en curs en qu\u00e8 has realitzat la comanda. Passades les 21:00h podr\u00e0s fer canvis, per\u00f2 haur\u00e0s d&#8217;abonar novament costos d&#8217;enviament.<\/p>\n\n\n\n<h2 class=\"wp-block-heading\">Condicions<\/h2>\n\n\n\n<p>\u00cdNCLITA ofereix la venda dels seus productes en aquesta web a consumidors finals, entenent com a consumidor final qualsevol persona f\u00edsica que compra a la web qualsevol producte amb finalitats diferents a activitats empresarials, comercials o professionals. Si desitges els nostres productes amb una finalitat diferent de consumidor final poseu-vos en contacte amb nosaltres a trav\u00e9s de hola@inclita.es<\/p>\n\n\n\n<p>Pel que fa al dret de propietat intel\u00b7lectual, els drets d&#8217;explotaci\u00f3 de les obres corresponen \u00fanicament i exclusivament a l&#8217;autor, en aquest cas Eduard Soriano P\u00ednter i \u00cdNCLITA. La Llei de propietat intel\u00b7lectual espanyola especifica que la compra de l&#8217;obra atorga al comprador la propietat del suport f\u00edsic que cont\u00e9 l&#8217;obra, per\u00f2 no adquireix en cap concepte la propietat intel\u00b7lectual (dret d&#8217;autor i de l&#8217;autor) de l&#8217;obra mateixa. La reproducci\u00f3 i la distribuci\u00f3 \u00e9s un dret exclusiu de l&#8217;autor.<\/p>\n\n\n\n<p>L&#8217;usuari coneix i assumeix que tots els colors que apareixen a la web s\u00f3n diferents depenent de la pantalla de visualitzaci\u00f3. Els colors que pots veure a trav\u00e9s de la pantalla poden ser lleugerament diferents dels del producte final. En tractar-se a m\u00e9s de productes artesanals els colors i els acabats poden diferir lleugerament de la imatge de refer\u00e8ncia.<\/p>\n\n\n\n<h2 class=\"wp-block-heading\">Necessites m\u00e9s informaci\u00f3?<\/h2>\n\n\n\n<p>Contacta amb nosaltres al mail hola@inclita.es i t&#8217;atendrem el m\u00e9s prompte possible per solucionar els teus dubtes.<\/p>\n","protected":false},"excerpt":{"rendered":"<p>Enviaments El temps de preparaci\u00f3 de comandes \u00e9s entre 2 i 5 dies laborals. El temps d&#8217;aquests enviaments se sol [&hellip;]<\/p>\n","protected":false},"author":1,"featured_media":0,"parent":0,"menu_order":0,"comment_status":"closed","ping_status":"closed","template":"","meta":{"_monsterinsights_skip_tracking":false,"_monsterinsights_sitenote_active":false,"_monsterinsights_sitenote_note":"","_monsterinsights_sitenote_category":0,"footnotes":""},"class_list":["post-325","page","type-page","status-publish","hentry"],"jetpack_sharing_enabled":true,"_links":{"self":[{"href":"https:\/\/inclita.es\/index.php\/wp-json\/wp\/v2\/pages\/325","targetHints":{"allow":["GET"]}}],"collection":[{"href":"https:\/\/inclita.es\/index.php\/wp-json\/wp\/v2\/pages"}],"about":[{"href":"https:\/\/inclita.es\/index.php\/wp-json\/wp\/v2\/types\/page"}],"author":[{"embeddable":true,"href":"https:\/\/inclita.es\/index.php\/wp-json\/wp\/v2\/users\/1"}],"replies":[{"embeddable":true,"href":"https:\/\/inclita.es\/index.php\/wp-json\/wp\/v2\/comments?post=325"}],"version-history":[{"count":4,"href":"https:\/\/inclita.es\/index.php\/wp-json\/wp\/v2\/pages\/325\/revisions"}],"predecessor-version":[{"id":497,"href":"https:\/\/inclita.es\/index.php\/wp-json\/wp\/v2\/pages\/325\/revisions\/497"}],"wp:attachment":[{"href":"https:\/\/inclita.es\/index.php\/wp-json\/wp\/v2\/media?parent=325"}],"curies":[{"name":"wp","href":"https:\/\/api.w.org\/{rel}","templated":true}]}}