{"id":302,"date":"2022-12-19T12:45:15","date_gmt":"2022-12-19T11:45:15","guid":{"rendered":"https:\/\/inclita.es\/?page_id=302"},"modified":"2023-04-12T10:25:27","modified_gmt":"2023-04-12T08:25:27","slug":"florero-mercat-central","status":"publish","type":"page","link":"https:\/\/inclita.es\/index.php\/es\/florero-mercat-central\/","title":{"rendered":"Florero Mercat Central"},"content":{"rendered":"\n<figure class=\"wp-block-gallery alignfull has-nested-images columns-4 is-cropped wp-block-gallery-1 is-layout-flex wp-block-gallery-is-layout-flex\">\n<figure class=\"wp-block-image size-large\"><img decoding=\"async\" data-id=\"290\" src=\"https:\/\/inclita.es\/wp-content\/uploads\/2022\/12\/instagram-inclita-05-1024x1024.png\" alt=\"\" class=\"wp-image-290\"\/><\/figure>\n\n\n\n<figure class=\"wp-block-image size-large\"><img loading=\"lazy\" decoding=\"async\" width=\"1024\" height=\"1024\" data-id=\"291\" src=\"https:\/\/inclita.es\/wp-content\/uploads\/2022\/12\/INCLITA-FLORER-MERCAT-CENTRAL-1_edit-scaled-e1671447327481-1024x1024.jpg\" alt=\"\" class=\"wp-image-291\" srcset=\"https:\/\/inclita.es\/wp-content\/uploads\/2022\/12\/INCLITA-FLORER-MERCAT-CENTRAL-1_edit-scaled-e1671447327481-1024x1024.jpg 1024w, https:\/\/inclita.es\/wp-content\/uploads\/2022\/12\/INCLITA-FLORER-MERCAT-CENTRAL-1_edit-scaled-e1671447327481-420x420.jpg 420w, https:\/\/inclita.es\/wp-content\/uploads\/2022\/12\/INCLITA-FLORER-MERCAT-CENTRAL-1_edit-scaled-e1671447327481-100x100.jpg 100w, https:\/\/inclita.es\/wp-content\/uploads\/2022\/12\/INCLITA-FLORER-MERCAT-CENTRAL-1_edit-scaled-e1671447327481-800x800.jpg 800w, https:\/\/inclita.es\/wp-content\/uploads\/2022\/12\/INCLITA-FLORER-MERCAT-CENTRAL-1_edit-scaled-e1671447327481-300x300.jpg 300w, https:\/\/inclita.es\/wp-content\/uploads\/2022\/12\/INCLITA-FLORER-MERCAT-CENTRAL-1_edit-scaled-e1671447327481-150x150.jpg 150w, https:\/\/inclita.es\/wp-content\/uploads\/2022\/12\/INCLITA-FLORER-MERCAT-CENTRAL-1_edit-scaled-e1671447327481-768x768.jpg 768w, https:\/\/inclita.es\/wp-content\/uploads\/2022\/12\/INCLITA-FLORER-MERCAT-CENTRAL-1_edit-scaled-e1671447327481-1536x1536.jpg 1536w, https:\/\/inclita.es\/wp-content\/uploads\/2022\/12\/INCLITA-FLORER-MERCAT-CENTRAL-1_edit-scaled-e1671447327481.jpg 1707w\" sizes=\"auto, (max-width: 1024px) 100vw, 1024px\" \/><\/figure>\n\n\n\n<figure class=\"wp-block-image size-large\"><img decoding=\"async\" data-id=\"292\" src=\"https:\/\/inclita.es\/wp-content\/uploads\/2022\/12\/florero-fluor-1024x1024.png\" alt=\"\" class=\"wp-image-292\"\/><\/figure>\n\n\n\n<figure class=\"wp-block-image size-large\"><img loading=\"lazy\" decoding=\"async\" width=\"1024\" height=\"1024\" data-id=\"293\" src=\"https:\/\/inclita.es\/wp-content\/uploads\/2022\/12\/instagram-inclita-04-e1671448539354-1024x1024.png\" alt=\"\" class=\"wp-image-293\" srcset=\"https:\/\/inclita.es\/wp-content\/uploads\/2022\/12\/instagram-inclita-04-e1671448539354-1024x1024.png 1024w, https:\/\/inclita.es\/wp-content\/uploads\/2022\/12\/instagram-inclita-04-e1671448539354-420x420.png 420w, https:\/\/inclita.es\/wp-content\/uploads\/2022\/12\/instagram-inclita-04-e1671448539354-100x100.png 100w, https:\/\/inclita.es\/wp-content\/uploads\/2022\/12\/instagram-inclita-04-e1671448539354-800x800.png 800w, https:\/\/inclita.es\/wp-content\/uploads\/2022\/12\/instagram-inclita-04-e1671448539354-300x300.png 300w, https:\/\/inclita.es\/wp-content\/uploads\/2022\/12\/instagram-inclita-04-e1671448539354-150x150.png 150w, https:\/\/inclita.es\/wp-content\/uploads\/2022\/12\/instagram-inclita-04-e1671448539354-768x768.png 768w, https:\/\/inclita.es\/wp-content\/uploads\/2022\/12\/instagram-inclita-04-e1671448539354-1536x1536.png 1536w, https:\/\/inclita.es\/wp-content\/uploads\/2022\/12\/instagram-inclita-04-e1671448539354-2048x2048.png 2048w\" sizes=\"auto, (max-width: 1024px) 100vw, 1024px\" \/><\/figure>\n<\/figure>\n\n\n\n<h1 class=\"wp-block-heading has-text-align-center\">Florero Mercat Central<\/h1>\n\n\n\n<div class=\"wp-block-media-text alignwide has-media-on-the-right is-stacked-on-mobile\"><div class=\"wp-block-media-text__content\">\n<div style=\"height:20px\" aria-hidden=\"true\" class=\"wp-block-spacer\"><\/div>\n\n\n\n<p>Catedral del producto fresco y de la luz, el Mercat Central de Val\u00e8ncia es una joya del modernismo valenciano. Cristal, cer\u00e1mica y metal como materiales del momento destacan en cada rinc\u00f3n, conformando el mayor mercado de producto fresco de Europa.<\/p>\n\n\n\n<p>Sus grandes ventanales que dejan pasar la luz exterior, el esqueleto de grandes vigas de acero y la gran c\u00fapula que corona el Mercat aparecen en esta pieza.<\/p>\n<\/div><figure class=\"wp-block-media-text__media\"><img loading=\"lazy\" decoding=\"async\" width=\"1024\" height=\"1024\" src=\"https:\/\/inclita.es\/wp-content\/uploads\/2022\/11\/vlc-010422-170_edit-scaled-e1670146070707-1024x1024.jpg\" alt=\"\" class=\"wp-image-168 size-large\" srcset=\"https:\/\/inclita.es\/wp-content\/uploads\/2022\/11\/vlc-010422-170_edit-scaled-e1670146070707-1024x1024.jpg 1024w, https:\/\/inclita.es\/wp-content\/uploads\/2022\/11\/vlc-010422-170_edit-scaled-e1670146070707-420x420.jpg 420w, https:\/\/inclita.es\/wp-content\/uploads\/2022\/11\/vlc-010422-170_edit-scaled-e1670146070707-100x100.jpg 100w, https:\/\/inclita.es\/wp-content\/uploads\/2022\/11\/vlc-010422-170_edit-scaled-e1670146070707-800x800.jpg 800w, https:\/\/inclita.es\/wp-content\/uploads\/2022\/11\/vlc-010422-170_edit-scaled-e1670146070707-300x300.jpg 300w, https:\/\/inclita.es\/wp-content\/uploads\/2022\/11\/vlc-010422-170_edit-scaled-e1670146070707-150x150.jpg 150w, https:\/\/inclita.es\/wp-content\/uploads\/2022\/11\/vlc-010422-170_edit-scaled-e1670146070707-768x768.jpg 768w, https:\/\/inclita.es\/wp-content\/uploads\/2022\/11\/vlc-010422-170_edit-scaled-e1670146070707-1536x1536.jpg 1536w, https:\/\/inclita.es\/wp-content\/uploads\/2022\/11\/vlc-010422-170_edit-scaled-e1670146070707.jpg 1707w\" sizes=\"auto, (max-width: 1024px) 100vw, 1024px\" \/><\/figure><\/div>\n\n\n\n<div class=\"wp-block-media-text alignwide is-stacked-on-mobile is-vertically-aligned-top\"><figure class=\"wp-block-media-text__media\"><img decoding=\"async\" src=\"https:\/\/inclita.es\/wp-content\/uploads\/2022\/12\/instagram-inclita-03-1024x1024.png\" alt=\"\" class=\"wp-image-288 size-large\"\/><\/figure><div class=\"wp-block-media-text__content\">\n<div style=\"height:20px\" aria-hidden=\"true\" class=\"wp-block-spacer\"><\/div>\n\n\n\n<p>El Mercado Central de Val\u00e8ncia como inspiraci\u00f3n, sus alzados y detalles arquitect\u00f3nicos se graban sobre el material para crear juegos de luces y colores.<\/p>\n\n\n\n<p>No recomendamos llenar el compartimento con agua o cualquier l\u00edquido.<\/p>\n\n\n\n<p>No utilizar productos de limpieza con disolventes o abrasivos, con un pa\u00f1o h\u00famedo de agua o alcohol es suficiente para su limpieza.<\/p>\n\n\n\n<p>Lo presentamos en<strong> dos tama\u00f1os<\/strong>, el <strong>grande <\/strong>tiene una altura de <strong>37 cm<\/strong> y el <strong>peque\u00f1o <\/strong>de <strong>22 cm<\/strong>.<\/p>\n\n\n\n<p>Actualmente contamos con dos combinaciones de acabados: <strong>Amarillo+Verde transparente<\/strong> y <strong>Verde Fluorescente+Naranja Fluorescente<\/strong>.<\/p>\n\n\n\n<div class=\"wp-block-buttons is-content-justification-center is-layout-flex wp-container-core-buttons-is-layout-16018d1d wp-block-buttons-is-layout-flex\">\n<div class=\"wp-block-button has-custom-width wp-block-button__width-100\"><a class=\"wp-block-button__link wp-element-button\" href=\"https:\/\/inclita.es\/index.php\/producto\/florer-mercat-central\/\">IR A LA TIENDA<\/a><\/div>\n<\/div>\n\n\n\n<div style=\"height:56px\" aria-hidden=\"true\" class=\"wp-block-spacer\"><\/div>\n\n\n\n<p>Puedes encontrar este producto en nuestra tienda <em>online <\/em>y en las tiendas de <em>La Postalera<\/em> (Val\u00e8ncia) y <em>\u00d6bjetto<\/em>.<\/p>\n\n\n\n<div class=\"wp-block-columns are-vertically-aligned-center is-layout-flex wp-container-core-columns-is-layout-9d6595d7 wp-block-columns-is-layout-flex\">\n<div class=\"wp-block-column is-vertically-aligned-center is-layout-flow wp-block-column-is-layout-flow\"><div class=\"wp-block-image\">\n<figure class=\"aligncenter size-full is-resized\"><a href=\"https:\/\/www.lapostalera.es\/collections\/inclita\/products\/florer-mercat-central\" target=\"_blank\" rel=\"noreferrer noopener\"><img loading=\"lazy\" decoding=\"async\" src=\"https:\/\/inclita.es\/wp-content\/uploads\/2022\/11\/la-postalera.png\" alt=\"\" class=\"wp-image-181\" width=\"88\" height=\"88\" srcset=\"https:\/\/inclita.es\/wp-content\/uploads\/2022\/11\/la-postalera.png 175w, https:\/\/inclita.es\/wp-content\/uploads\/2022\/11\/la-postalera-100x100.png 100w, https:\/\/inclita.es\/wp-content\/uploads\/2022\/11\/la-postalera-150x150.png 150w\" sizes=\"auto, (max-width: 88px) 100vw, 88px\" \/><\/a><\/figure>\n<\/div><\/div>\n\n\n\n<div class=\"wp-block-column is-layout-flow wp-block-column-is-layout-flow\"><div class=\"wp-block-image\">\n<figure class=\"aligncenter size-full is-resized\"><a href=\"https:\/\/objetto.info\/producto\/florero-mercat-central-pequeno\" target=\"_blank\" rel=\"noreferrer noopener\"><img loading=\"lazy\" decoding=\"async\" src=\"https:\/\/inclita.es\/wp-content\/uploads\/2023\/02\/objetto.png\" alt=\"\" class=\"wp-image-448\" width=\"88\" height=\"88\" srcset=\"https:\/\/inclita.es\/wp-content\/uploads\/2023\/02\/objetto.png 200w, https:\/\/inclita.es\/wp-content\/uploads\/2023\/02\/objetto-100x100.png 100w, https:\/\/inclita.es\/wp-content\/uploads\/2023\/02\/objetto-150x150.png 150w\" sizes=\"auto, (max-width: 88px) 100vw, 88px\" \/><\/a><\/figure>\n<\/div><\/div>\n\n\n\n<div class=\"wp-block-column is-vertically-aligned-center is-layout-flow wp-block-column-is-layout-flow\"><div class=\"wp-block-image\">\n<figure class=\"aligncenter size-full is-resized\"><a href=\"https:\/\/www.instagram.com\/_inclita_\/\" target=\"_blank\" rel=\"noreferrer noopener\"><img loading=\"lazy\" decoding=\"async\" src=\"https:\/\/inclita.es\/wp-content\/uploads\/2022\/11\/insta.png\" alt=\"\" class=\"wp-image-85\" width=\"55\" height=\"55\" srcset=\"https:\/\/inclita.es\/wp-content\/uploads\/2022\/11\/insta.png 196w, https:\/\/inclita.es\/wp-content\/uploads\/2022\/11\/insta-100x100.png 100w, https:\/\/inclita.es\/wp-content\/uploads\/2022\/11\/insta-150x150.png 150w\" sizes=\"auto, (max-width: 55px) 100vw, 55px\" \/><\/a><\/figure>\n<\/div><\/div>\n<\/div>\n\n\n\n<p><\/p>\n<\/div><\/div>\n\n\n\n<div style=\"height:92px\" aria-hidden=\"true\" class=\"wp-block-spacer\"><\/div>\n\n\n\n<div class=\"wp-block-cover alignfull\" style=\"min-height:591px;aspect-ratio:unset;\"><span aria-hidden=\"true\" class=\"wp-block-cover__background has-background-dim-0 has-background-dim\"><\/span><img loading=\"lazy\" decoding=\"async\" width=\"2560\" height=\"1707\" class=\"wp-block-cover__image-background wp-image-294\" alt=\"\" src=\"https:\/\/inclita.es\/wp-content\/uploads\/2022\/12\/vlc-010422-144-scaled.jpg\" data-object-fit=\"cover\" srcset=\"https:\/\/inclita.es\/wp-content\/uploads\/2022\/12\/vlc-010422-144-scaled.jpg 2560w, https:\/\/inclita.es\/wp-content\/uploads\/2022\/12\/vlc-010422-144-scaled-800x533.jpg 800w, https:\/\/inclita.es\/wp-content\/uploads\/2022\/12\/vlc-010422-144-300x200.jpg 300w, https:\/\/inclita.es\/wp-content\/uploads\/2022\/12\/vlc-010422-144-1024x683.jpg 1024w, https:\/\/inclita.es\/wp-content\/uploads\/2022\/12\/vlc-010422-144-768x512.jpg 768w, https:\/\/inclita.es\/wp-content\/uploads\/2022\/12\/vlc-010422-144-1536x1024.jpg 1536w, https:\/\/inclita.es\/wp-content\/uploads\/2022\/12\/vlc-010422-144-2048x1365.jpg 2048w, https:\/\/inclita.es\/wp-content\/uploads\/2022\/12\/vlc-010422-144-360x240.jpg 360w\" sizes=\"auto, (max-width: 2560px) 100vw, 2560px\" \/><div class=\"wp-block-cover__inner-container is-layout-flow wp-block-cover-is-layout-flow\">\n<p class=\"has-text-align-center has-large-font-size\"><\/p>\n<\/div><\/div>\n","protected":false},"excerpt":{"rendered":"<p>Florero Mercat Central<\/p>\n","protected":false},"author":1,"featured_media":0,"parent":0,"menu_order":0,"comment_status":"closed","ping_status":"closed","template":"","meta":{"_monsterinsights_skip_tracking":false,"_monsterinsights_sitenote_active":false,"_monsterinsights_sitenote_note":"","_monsterinsights_sitenote_category":0,"footnotes":""},"class_list":["post-302","page","type-page","status-publish","hentry"],"jetpack_sharing_enabled":true,"_links":{"self":[{"href":"https:\/\/inclita.es\/index.php\/wp-json\/wp\/v2\/pages\/302","targetHints":{"allow":["GET"]}}],"collection":[{"href":"https:\/\/inclita.es\/index.php\/wp-json\/wp\/v2\/pages"}],"about":[{"href":"https:\/\/inclita.es\/index.php\/wp-json\/wp\/v2\/types\/page"}],"author":[{"embeddable":true,"href":"https:\/\/inclita.es\/index.php\/wp-json\/wp\/v2\/users\/1"}],"replies":[{"embeddable":true,"href":"https:\/\/inclita.es\/index.php\/wp-json\/wp\/v2\/comments?post=302"}],"version-history":[{"count":6,"href":"https:\/\/inclita.es\/index.php\/wp-json\/wp\/v2\/pages\/302\/revisions"}],"predecessor-version":[{"id":769,"href":"https:\/\/inclita.es\/index.php\/wp-json\/wp\/v2\/pages\/302\/revisions\/769"}],"wp:attachment":[{"href":"https:\/\/inclita.es\/index.php\/wp-json\/wp\/v2\/media?parent=302"}],"curies":[{"name":"wp","href":"https:\/\/api.w.org\/{rel}","templated":true}]}}