{"id":218,"date":"2022-12-04T10:02:35","date_gmt":"2022-12-04T09:02:35","guid":{"rendered":"https:\/\/inclita.es\/?page_id=218"},"modified":"2023-04-12T10:12:52","modified_gmt":"2023-04-12T08:12:52","slug":"vela-seda","status":"publish","type":"page","link":"https:\/\/inclita.es\/index.php\/es\/vela-seda\/","title":{"rendered":"Vela Seda"},"content":{"rendered":"\n<figure class=\"wp-block-gallery alignfull has-nested-images columns-4 is-cropped wp-block-gallery-1 is-layout-flex wp-block-gallery-is-layout-flex\">\n<figure class=\"wp-block-image size-large\"><img decoding=\"async\" data-id=\"135\" src=\"https:\/\/inclita.es\/wp-content\/uploads\/2022\/11\/taronja-detall-1024x1024.png\" alt=\"\" class=\"wp-image-135\"\/><\/figure>\n\n\n\n<figure class=\"wp-block-image size-large\"><img loading=\"lazy\" decoding=\"async\" width=\"1024\" height=\"1024\" data-id=\"134\" src=\"https:\/\/inclita.es\/wp-content\/uploads\/2022\/11\/INCLITA-CIRI-SEDA-1-edited-1024x1024.jpg\" alt=\"\" class=\"wp-image-134\" srcset=\"https:\/\/inclita.es\/wp-content\/uploads\/2022\/11\/INCLITA-CIRI-SEDA-1-edited-1024x1024.jpg 1024w, https:\/\/inclita.es\/wp-content\/uploads\/2022\/11\/INCLITA-CIRI-SEDA-1-edited-scaled-420x420.jpg 420w, https:\/\/inclita.es\/wp-content\/uploads\/2022\/11\/INCLITA-CIRI-SEDA-1-edited-scaled-100x100.jpg 100w, https:\/\/inclita.es\/wp-content\/uploads\/2022\/11\/INCLITA-CIRI-SEDA-1-edited-scaled-800x800.jpg 800w, https:\/\/inclita.es\/wp-content\/uploads\/2022\/11\/INCLITA-CIRI-SEDA-1-edited-300x300.jpg 300w, https:\/\/inclita.es\/wp-content\/uploads\/2022\/11\/INCLITA-CIRI-SEDA-1-edited-150x150.jpg 150w, https:\/\/inclita.es\/wp-content\/uploads\/2022\/11\/INCLITA-CIRI-SEDA-1-edited-768x768.jpg 768w, https:\/\/inclita.es\/wp-content\/uploads\/2022\/11\/INCLITA-CIRI-SEDA-1-edited-1536x1536.jpg 1536w, https:\/\/inclita.es\/wp-content\/uploads\/2022\/11\/INCLITA-CIRI-SEDA-1-edited-2048x2048.jpg 2048w\" sizes=\"auto, (max-width: 1024px) 100vw, 1024px\" \/><\/figure>\n\n\n\n<figure class=\"wp-block-image size-large\"><img loading=\"lazy\" decoding=\"async\" width=\"1024\" height=\"683\" data-id=\"204\" src=\"https:\/\/inclita.es\/wp-content\/uploads\/2022\/12\/INCLITA-CIRI-SEDA-3_edit-metxa-1024x683.jpg\" alt=\"\" class=\"wp-image-204\" srcset=\"https:\/\/inclita.es\/wp-content\/uploads\/2022\/12\/INCLITA-CIRI-SEDA-3_edit-metxa-1024x683.jpg 1024w, https:\/\/inclita.es\/wp-content\/uploads\/2022\/12\/INCLITA-CIRI-SEDA-3_edit-metxa-scaled-800x533.jpg 800w, https:\/\/inclita.es\/wp-content\/uploads\/2022\/12\/INCLITA-CIRI-SEDA-3_edit-metxa-300x200.jpg 300w, https:\/\/inclita.es\/wp-content\/uploads\/2022\/12\/INCLITA-CIRI-SEDA-3_edit-metxa-768x512.jpg 768w, https:\/\/inclita.es\/wp-content\/uploads\/2022\/12\/INCLITA-CIRI-SEDA-3_edit-metxa-1536x1024.jpg 1536w, https:\/\/inclita.es\/wp-content\/uploads\/2022\/12\/INCLITA-CIRI-SEDA-3_edit-metxa-2048x1365.jpg 2048w, https:\/\/inclita.es\/wp-content\/uploads\/2022\/12\/INCLITA-CIRI-SEDA-3_edit-metxa-360x240.jpg 360w\" sizes=\"auto, (max-width: 1024px) 100vw, 1024px\" \/><\/figure>\n\n\n\n<figure class=\"wp-block-image size-large\"><img loading=\"lazy\" decoding=\"async\" width=\"1024\" height=\"1024\" data-id=\"131\" src=\"https:\/\/inclita.es\/wp-content\/uploads\/2022\/11\/INCLITA-CIRI-SEDA-2-edited-2-1024x1024.jpg\" alt=\"\" class=\"wp-image-131\" srcset=\"https:\/\/inclita.es\/wp-content\/uploads\/2022\/11\/INCLITA-CIRI-SEDA-2-edited-2-1024x1024.jpg 1024w, https:\/\/inclita.es\/wp-content\/uploads\/2022\/11\/INCLITA-CIRI-SEDA-2-edited-2-scaled-420x420.jpg 420w, https:\/\/inclita.es\/wp-content\/uploads\/2022\/11\/INCLITA-CIRI-SEDA-2-edited-2-scaled-100x100.jpg 100w, https:\/\/inclita.es\/wp-content\/uploads\/2022\/11\/INCLITA-CIRI-SEDA-2-edited-2-scaled-800x800.jpg 800w, https:\/\/inclita.es\/wp-content\/uploads\/2022\/11\/INCLITA-CIRI-SEDA-2-edited-2-300x300.jpg 300w, https:\/\/inclita.es\/wp-content\/uploads\/2022\/11\/INCLITA-CIRI-SEDA-2-edited-2-150x150.jpg 150w, https:\/\/inclita.es\/wp-content\/uploads\/2022\/11\/INCLITA-CIRI-SEDA-2-edited-2-768x768.jpg 768w, https:\/\/inclita.es\/wp-content\/uploads\/2022\/11\/INCLITA-CIRI-SEDA-2-edited-2-1536x1536.jpg 1536w, https:\/\/inclita.es\/wp-content\/uploads\/2022\/11\/INCLITA-CIRI-SEDA-2-edited-2-2048x2048.jpg 2048w\" sizes=\"auto, (max-width: 1024px) 100vw, 1024px\" \/><\/figure>\n<\/figure>\n\n\n\n<h2 class=\"wp-block-heading has-text-align-center has-gigantic-font-size\">Vela Seda<\/h2>\n\n\n\n<div class=\"wp-block-media-text alignwide is-stacked-on-mobile\"><figure class=\"wp-block-media-text__media\"><img loading=\"lazy\" decoding=\"async\" width=\"1024\" height=\"683\" src=\"https:\/\/inclita.es\/wp-content\/uploads\/2022\/11\/DSC0285-1024x683.jpg\" alt=\"\" class=\"wp-image-178 size-full\" srcset=\"https:\/\/inclita.es\/wp-content\/uploads\/2022\/11\/DSC0285-1024x683.jpg 1024w, https:\/\/inclita.es\/wp-content\/uploads\/2022\/11\/DSC0285-scaled-800x533.jpg 800w, https:\/\/inclita.es\/wp-content\/uploads\/2022\/11\/DSC0285-300x200.jpg 300w, https:\/\/inclita.es\/wp-content\/uploads\/2022\/11\/DSC0285-768x512.jpg 768w, https:\/\/inclita.es\/wp-content\/uploads\/2022\/11\/DSC0285-1536x1024.jpg 1536w, https:\/\/inclita.es\/wp-content\/uploads\/2022\/11\/DSC0285-2048x1365.jpg 2048w, https:\/\/inclita.es\/wp-content\/uploads\/2022\/11\/DSC0285-360x240.jpg 360w\" sizes=\"auto, (max-width: 1024px) 100vw, 1024px\" \/><\/figure><div class=\"wp-block-media-text__content\">\n<div style=\"height:20px\" aria-hidden=\"true\" class=\"wp-block-spacer\"><\/div>\n\n\n\n<p>La vela toma la geometr\u00eda tan caracter\u00edstica del estilo g\u00f3tico valenciano, en concreto la inspiraci\u00f3n proviene de la Lonja de la Seda.<br>Su colorido se conecta con Val\u00e8ncia y las ciudades mediterr\u00e1neas.<br>Los vol\u00famenes y huecos de los grandes ventanales de estilo g\u00f3tico dan forma a la vela Seda. Un juego de formas donde se crea una ligereza y elegancia inspir\u00e1ndose en el trabajo de los canteros. Se completa la composici\u00f3n con una base de madera enalteciendo la pieza principal.<\/p>\n<\/div><\/div>\n\n\n\n<div class=\"wp-block-media-text alignwide has-media-on-the-right is-stacked-on-mobile is-vertically-aligned-top\"><div class=\"wp-block-media-text__content\">\n<div style=\"height:20px\" aria-hidden=\"true\" class=\"wp-block-spacer\"><\/div>\n\n\n\n<p>La naranja y los c\u00edtricos como aroma predominante en esta vela. Val\u00e8ncia se caracteriza por esta fruta y en la Lonja podemos encontrar el maravilloso Patio de los Naranjos.<\/p>\n\n\n\n<p>La Vela Seda la realizamos \u00edntegramente de forma artesanal, una a una y controlando todas las fases de producci\u00f3n. Este car\u00e1cter artesano puede derivar en peque\u00f1os cambios de color y acabado en cada cirio, haci\u00e9ndolos \u00fanicos y especiales.<\/p>\n\n\n\n<p>El <strong>tama\u00f1o <\/strong>del conjunto de la Vela Seda con su base es de <strong>22 cm<\/strong>. Los tama\u00f1os del empaquetado son: 26cm\u00d717cm\u00d76cm.<\/p>\n\n\n\n<p>Actualmente contamos con <strong>cuatro acabados<\/strong>, pero podemos preparar colores personalizados.<\/p>\n\n\n\n<div class=\"wp-block-buttons is-content-justification-center is-layout-flex wp-container-core-buttons-is-layout-16018d1d wp-block-buttons-is-layout-flex\">\n<div class=\"wp-block-button has-custom-width wp-block-button__width-100\"><a class=\"wp-block-button__link wp-element-button\" href=\"https:\/\/inclita.es\/index.php\/producto\/ciri-seda\/\">IR A LA TIENDA<\/a><\/div>\n<\/div>\n\n\n\n<div style=\"height:56px\" aria-hidden=\"true\" class=\"wp-block-spacer\"><\/div>\n\n\n\n<p>Puedes encontrar este producto en nuestra tienda <em>online <\/em>y en las tiendas de <em>La Postalera<\/em> (Val\u00e8ncia) y <em>\u00d6bjetto<\/em>.<\/p>\n\n\n\n<div class=\"wp-block-columns are-vertically-aligned-center is-layout-flex wp-container-core-columns-is-layout-9d6595d7 wp-block-columns-is-layout-flex\">\n<div class=\"wp-block-column is-vertically-aligned-center is-layout-flow wp-block-column-is-layout-flow\"><div class=\"wp-block-image\">\n<figure class=\"aligncenter size-full is-resized\"><a href=\"https:\/\/www.lapostalera.es\/collections\/velas\/products\/ciri-seda\" target=\"_blank\" rel=\"noreferrer noopener\"><img loading=\"lazy\" decoding=\"async\" src=\"https:\/\/inclita.es\/wp-content\/uploads\/2022\/11\/la-postalera.png\" alt=\"\" class=\"wp-image-181\" width=\"88\" height=\"88\" srcset=\"https:\/\/inclita.es\/wp-content\/uploads\/2022\/11\/la-postalera.png 175w, https:\/\/inclita.es\/wp-content\/uploads\/2022\/11\/la-postalera-100x100.png 100w, https:\/\/inclita.es\/wp-content\/uploads\/2022\/11\/la-postalera-150x150.png 150w\" sizes=\"auto, (max-width: 88px) 100vw, 88px\" \/><\/a><\/figure>\n<\/div><\/div>\n\n\n\n<div class=\"wp-block-column is-layout-flow wp-block-column-is-layout-flow\"><div class=\"wp-block-image\">\n<figure class=\"aligncenter size-full is-resized\"><a href=\"https:\/\/objetto.info\/producto\/vela-seda\" target=\"_blank\" rel=\"noreferrer noopener\"><img loading=\"lazy\" decoding=\"async\" src=\"https:\/\/inclita.es\/wp-content\/uploads\/2023\/02\/objetto.png\" alt=\"\" class=\"wp-image-448\" width=\"88\" height=\"88\" srcset=\"https:\/\/inclita.es\/wp-content\/uploads\/2023\/02\/objetto.png 200w, https:\/\/inclita.es\/wp-content\/uploads\/2023\/02\/objetto-100x100.png 100w, https:\/\/inclita.es\/wp-content\/uploads\/2023\/02\/objetto-150x150.png 150w\" sizes=\"auto, (max-width: 88px) 100vw, 88px\" \/><\/a><\/figure>\n<\/div><\/div>\n\n\n\n<div class=\"wp-block-column is-vertically-aligned-center is-layout-flow wp-block-column-is-layout-flow\"><div class=\"wp-block-image\">\n<figure class=\"aligncenter size-full is-resized\"><a href=\"https:\/\/www.instagram.com\/_inclita_\/\" target=\"_blank\" rel=\"noreferrer noopener\"><img loading=\"lazy\" decoding=\"async\" src=\"https:\/\/inclita.es\/wp-content\/uploads\/2022\/11\/insta.png\" alt=\"\" class=\"wp-image-85\" width=\"55\" height=\"55\" srcset=\"https:\/\/inclita.es\/wp-content\/uploads\/2022\/11\/insta.png 196w, https:\/\/inclita.es\/wp-content\/uploads\/2022\/11\/insta-100x100.png 100w, https:\/\/inclita.es\/wp-content\/uploads\/2022\/11\/insta-150x150.png 150w\" sizes=\"auto, (max-width: 55px) 100vw, 55px\" \/><\/a><\/figure>\n<\/div><\/div>\n<\/div>\n\n\n\n<p><\/p>\n<\/div><figure class=\"wp-block-media-text__media\"><img loading=\"lazy\" decoding=\"async\" width=\"1024\" height=\"1024\" src=\"https:\/\/inclita.es\/wp-content\/uploads\/2022\/11\/ciri-taronja-1024x1024.png\" alt=\"\" class=\"wp-image-180 size-full\" srcset=\"https:\/\/inclita.es\/wp-content\/uploads\/2022\/11\/ciri-taronja-1024x1024.png 1024w, https:\/\/inclita.es\/wp-content\/uploads\/2022\/11\/ciri-taronja-420x420.png 420w, https:\/\/inclita.es\/wp-content\/uploads\/2022\/11\/ciri-taronja-100x100.png 100w, https:\/\/inclita.es\/wp-content\/uploads\/2022\/11\/ciri-taronja-800x800.png 800w, https:\/\/inclita.es\/wp-content\/uploads\/2022\/11\/ciri-taronja-300x300.png 300w, https:\/\/inclita.es\/wp-content\/uploads\/2022\/11\/ciri-taronja-150x150.png 150w, https:\/\/inclita.es\/wp-content\/uploads\/2022\/11\/ciri-taronja-768x768.png 768w, https:\/\/inclita.es\/wp-content\/uploads\/2022\/11\/ciri-taronja-1536x1536.png 1536w, https:\/\/inclita.es\/wp-content\/uploads\/2022\/11\/ciri-taronja-2048x2048.png 2048w\" sizes=\"auto, (max-width: 1024px) 100vw, 1024px\" \/><\/figure><\/div>\n\n\n\n<div style=\"height:92px\" aria-hidden=\"true\" class=\"wp-block-spacer\"><\/div>\n\n\n\n<div class=\"wp-block-cover alignfull is-light\" style=\"min-height:591px;aspect-ratio:unset;\"><span aria-hidden=\"true\" class=\"wp-block-cover__background has-background-dim-0 has-background-dim\"><\/span><video class=\"wp-block-cover__video-background intrinsic-ignore\" autoplay muted loop playsinline src=\"https:\/\/inclita.es\/wp-content\/uploads\/2022\/11\/MAKE-CIRI-1.mp4\" data-object-fit=\"cover\"><\/video><div class=\"wp-block-cover__inner-container is-layout-flow wp-block-cover-is-layout-flow\">\n<p class=\"has-text-align-center has-large-font-size\"><\/p>\n<\/div><\/div>\n","protected":false},"excerpt":{"rendered":"<p>Vela Seda<\/p>\n","protected":false},"author":1,"featured_media":0,"parent":0,"menu_order":0,"comment_status":"closed","ping_status":"closed","template":"","meta":{"_monsterinsights_skip_tracking":false,"_monsterinsights_sitenote_active":false,"_monsterinsights_sitenote_note":"","_monsterinsights_sitenote_category":0,"footnotes":""},"class_list":["post-218","page","type-page","status-publish","hentry"],"jetpack_sharing_enabled":true,"_links":{"self":[{"href":"https:\/\/inclita.es\/index.php\/wp-json\/wp\/v2\/pages\/218","targetHints":{"allow":["GET"]}}],"collection":[{"href":"https:\/\/inclita.es\/index.php\/wp-json\/wp\/v2\/pages"}],"about":[{"href":"https:\/\/inclita.es\/index.php\/wp-json\/wp\/v2\/types\/page"}],"author":[{"embeddable":true,"href":"https:\/\/inclita.es\/index.php\/wp-json\/wp\/v2\/users\/1"}],"replies":[{"embeddable":true,"href":"https:\/\/inclita.es\/index.php\/wp-json\/wp\/v2\/comments?post=218"}],"version-history":[{"count":7,"href":"https:\/\/inclita.es\/index.php\/wp-json\/wp\/v2\/pages\/218\/revisions"}],"predecessor-version":[{"id":759,"href":"https:\/\/inclita.es\/index.php\/wp-json\/wp\/v2\/pages\/218\/revisions\/759"}],"wp:attachment":[{"href":"https:\/\/inclita.es\/index.php\/wp-json\/wp\/v2\/media?parent=218"}],"curies":[{"name":"wp","href":"https:\/\/api.w.org\/{rel}","templated":true}]}}