{"id":2,"date":"2022-11-25T17:02:17","date_gmt":"2022-11-25T16:02:17","guid":{"rendered":"http:\/\/inclita.es\/?page_id=2"},"modified":"2023-03-27T18:09:56","modified_gmt":"2023-03-27T16:09:56","slug":"projecte","status":"publish","type":"page","link":"https:\/\/inclita.es\/index.php\/projecte\/","title":{"rendered":"El projecte"},"content":{"rendered":"\n<div class=\"wp-block-media-text has-media-on-the-right is-stacked-on-mobile has-black-color has-text-color\" style=\"grid-template-columns:auto 28%\"><div class=\"wp-block-media-text__content\">\n<div style=\"height:20px\" aria-hidden=\"true\" class=\"wp-block-spacer\"><\/div>\n\n\n\n<p><strong>\u00cdNCLITA <\/strong>naix en setembre del 2022 amb relaci\u00f3 a un Treball de Final de M\u00e0ster en Enginyeria del Disseny. Gr\u00e0cies al suport rebut per part d&#8217;amics, fam\u00edlia i coneguts vam decidir formalitzar la marca i comen\u00e7ar a presentar-nos de manera oficial.<\/p>\n\n\n\n<p><br>Els nostres dissenys s&#8217;inspiren pel patrimoni arquitect\u00f2nic de les ciutats, actualment de la ciutat de Val\u00e8ncia, per tal de fer-los destacar i adonar-se del que tenim i hem d&#8217;estimar i protegir. Som conscients de la import\u00e0ncia del nostre patrimoni: \u00e9s hist\u00f2ria, \u00e9s cultura, \u00e9s passat, present i futur, \u00e9s la nostra font de creaci\u00f3.<\/p>\n\n\n\n<p><br>Disseny i producci\u00f3 local, a xicoteta escala, feta amb estima a la ciutat de Val\u00e8ncia per a la seua gent i aquells visitants que acull.<\/p>\n<\/div><figure class=\"wp-block-media-text__media\"><img decoding=\"async\" src=\"https:\/\/inclita.es\/wp-content\/uploads\/2022\/11\/vlc-010422-170_edit-683x1024.jpg\" alt=\"\" class=\"wp-image-168 size-full\"\/><\/figure><\/div>\n\n\n\n<div style=\"height:100px\" aria-hidden=\"true\" class=\"wp-block-spacer\"><\/div>\n\n\n\n<div class=\"wp-block-media-text alignwide is-stacked-on-mobile\"><figure class=\"wp-block-media-text__media\"><img loading=\"lazy\" decoding=\"async\" width=\"1024\" height=\"687\" src=\"https:\/\/inclita.es\/wp-content\/uploads\/2022\/11\/DSC0290-scaled-e1669711461459-1024x687.jpg\" alt=\"\" class=\"wp-image-171 size-full\" srcset=\"https:\/\/inclita.es\/wp-content\/uploads\/2022\/11\/DSC0290-scaled-e1669711461459-1024x687.jpg 1024w, https:\/\/inclita.es\/wp-content\/uploads\/2022\/11\/DSC0290-scaled-e1669711461459-800x537.jpg 800w, https:\/\/inclita.es\/wp-content\/uploads\/2022\/11\/DSC0290-scaled-e1669711461459-300x201.jpg 300w, https:\/\/inclita.es\/wp-content\/uploads\/2022\/11\/DSC0290-scaled-e1669711461459-768x515.jpg 768w, https:\/\/inclita.es\/wp-content\/uploads\/2022\/11\/DSC0290-scaled-e1669711461459-1536x1030.jpg 1536w, https:\/\/inclita.es\/wp-content\/uploads\/2022\/11\/DSC0290-scaled-e1669711461459.jpg 1707w\" sizes=\"auto, (max-width: 1024px) 100vw, 1024px\" \/><\/figure><div class=\"wp-block-media-text__content\">\n<div style=\"height:20px\" aria-hidden=\"true\" class=\"wp-block-spacer\"><\/div>\n\n\n\n<p>La Llotja de la Seda o dels Mercaders de Val\u00e8ncia va inspirar tamb\u00e9 el nostre nom. Al sal\u00f3 columnari de l&#8217;edifici es pot llegir una inscripci\u00f3 llatina parlant de les virtuts de l&#8217;edifici i les bondats del bon comer\u00e7, comen\u00e7ant per aquesta paraula, \u00ednclita:<\/p>\n\n\n\n<p class=\"has-text-align-center\"><em><strong>Inclita <\/strong>domus sum annis aedificata quindecim. Gustate et videte concives quoniam bona est negotiatio, quae non agit dolum in lingua, quae jurat pr\u00f3ximo et non deficit, quae pecuniam non dedit ad usuram eius. Mercator sic agens divitiis redundabit, et tandem vita fructur aeterna.<\/em><\/p>\n<\/div><\/div>\n\n\n\n<div style=\"height:100px\" aria-hidden=\"true\" class=\"wp-block-spacer\"><\/div>\n\n\n\n<div class=\"wp-block-columns alignfull is-layout-flex wp-container-core-columns-is-layout-9d6595d7 wp-block-columns-is-layout-flex\">\n<div class=\"wp-block-column is-layout-flow wp-block-column-is-layout-flow\">\n<div class=\"wp-block-cover is-light\"><span aria-hidden=\"true\" class=\"wp-block-cover__background has-background-dim\"><\/span><img loading=\"lazy\" decoding=\"async\" width=\"1024\" height=\"558\" class=\"wp-block-cover__image-background wp-image-172\" alt=\"\" src=\"https:\/\/inclita.es\/wp-content\/uploads\/2022\/11\/A-PUNT-1024x558.jpg\" data-object-fit=\"cover\" srcset=\"https:\/\/inclita.es\/wp-content\/uploads\/2022\/11\/A-PUNT-1024x558.jpg 1024w, https:\/\/inclita.es\/wp-content\/uploads\/2022\/11\/A-PUNT-800x436.jpg 800w, https:\/\/inclita.es\/wp-content\/uploads\/2022\/11\/A-PUNT-300x163.jpg 300w, https:\/\/inclita.es\/wp-content\/uploads\/2022\/11\/A-PUNT-768x418.jpg 768w, https:\/\/inclita.es\/wp-content\/uploads\/2022\/11\/A-PUNT-1536x837.jpg 1536w, https:\/\/inclita.es\/wp-content\/uploads\/2022\/11\/A-PUNT.jpg 1920w\" sizes=\"auto, (max-width: 1024px) 100vw, 1024px\" \/><div class=\"wp-block-cover__inner-container is-layout-flow wp-block-cover-is-layout-flow\">\n<p class=\"has-text-align-center has-white-color has-text-color has-large-font-size\">Reportatge \u00c0 Punt Not\u00edcies Migdia 25\/11\/2022<\/p>\n\n\n<div class=\"wp-block-image\">\n<figure class=\"aligncenter size-thumbnail is-resized\"><a href=\"https:\/\/www.apuntmedia.es\/informatius\/a-punt-ntc\/complets\/25-11-2022-informatiu-migdia_134_1564864.html\" target=\"_blank\" rel=\"noreferrer noopener\"><img loading=\"lazy\" decoding=\"async\" src=\"https:\/\/inclita.es\/wp-content\/uploads\/2022\/11\/1200px-Logotip_dA_Punt_2017--150x150.png\" alt=\"\" class=\"wp-image-174\" width=\"115\" height=\"115\" title=\"\" srcset=\"https:\/\/inclita.es\/wp-content\/uploads\/2022\/11\/1200px-Logotip_dA_Punt_2017--150x150.png 150w, https:\/\/inclita.es\/wp-content\/uploads\/2022\/11\/1200px-Logotip_dA_Punt_2017--420x420.png 420w, https:\/\/inclita.es\/wp-content\/uploads\/2022\/11\/1200px-Logotip_dA_Punt_2017--100x100.png 100w, https:\/\/inclita.es\/wp-content\/uploads\/2022\/11\/1200px-Logotip_dA_Punt_2017--800x800.png 800w, https:\/\/inclita.es\/wp-content\/uploads\/2022\/11\/1200px-Logotip_dA_Punt_2017--300x300.png 300w, https:\/\/inclita.es\/wp-content\/uploads\/2022\/11\/1200px-Logotip_dA_Punt_2017--1024x1024.png 1024w, https:\/\/inclita.es\/wp-content\/uploads\/2022\/11\/1200px-Logotip_dA_Punt_2017--768x768.png 768w, https:\/\/inclita.es\/wp-content\/uploads\/2022\/11\/1200px-Logotip_dA_Punt_2017-.png 1200w\" sizes=\"auto, (max-width: 115px) 100vw, 115px\" \/><\/a><figcaption class=\"wp-element-caption\"> (Minut 46:55)<\/figcaption><\/figure>\n<\/div><\/div><\/div>\n<\/div>\n\n\n\n<div class=\"wp-block-column is-layout-flow wp-block-column-is-layout-flow\">\n<div class=\"wp-block-cover\"><span aria-hidden=\"true\" class=\"wp-block-cover__background has-background-dim\"><\/span><img loading=\"lazy\" decoding=\"async\" width=\"960\" height=\"720\" class=\"wp-block-cover__image-background wp-image-173\" alt=\"\" src=\"https:\/\/inclita.es\/wp-content\/uploads\/2022\/11\/PREMIS-ARTESANIA.jpg\" data-object-fit=\"cover\" srcset=\"https:\/\/inclita.es\/wp-content\/uploads\/2022\/11\/PREMIS-ARTESANIA.jpg 960w, https:\/\/inclita.es\/wp-content\/uploads\/2022\/11\/PREMIS-ARTESANIA-800x600.jpg 800w, https:\/\/inclita.es\/wp-content\/uploads\/2022\/11\/PREMIS-ARTESANIA-300x225.jpg 300w, https:\/\/inclita.es\/wp-content\/uploads\/2022\/11\/PREMIS-ARTESANIA-768x576.jpg 768w\" sizes=\"auto, (max-width: 960px) 100vw, 960px\" \/><div class=\"wp-block-cover__inner-container is-layout-flow wp-block-cover-is-layout-flow\">\n<p class=\"has-text-align-center has-white-color has-text-color has-large-font-size\">Projecte guanyador als Premis d&#8217;Artesania de la Comunitat Valenciana 2022. Categoria Nous Talents.<\/p>\n<\/div><\/div>\n<\/div>\n<\/div>\n","protected":false},"excerpt":{"rendered":"","protected":false},"author":1,"featured_media":0,"parent":0,"menu_order":0,"comment_status":"closed","ping_status":"closed","template":"","meta":{"_monsterinsights_skip_tracking":false,"_monsterinsights_sitenote_active":false,"_monsterinsights_sitenote_note":"","_monsterinsights_sitenote_category":0,"footnotes":""},"class_list":["post-2","page","type-page","status-publish","hentry"],"jetpack_sharing_enabled":true,"_links":{"self":[{"href":"https:\/\/inclita.es\/index.php\/wp-json\/wp\/v2\/pages\/2","targetHints":{"allow":["GET"]}}],"collection":[{"href":"https:\/\/inclita.es\/index.php\/wp-json\/wp\/v2\/pages"}],"about":[{"href":"https:\/\/inclita.es\/index.php\/wp-json\/wp\/v2\/types\/page"}],"author":[{"embeddable":true,"href":"https:\/\/inclita.es\/index.php\/wp-json\/wp\/v2\/users\/1"}],"replies":[{"embeddable":true,"href":"https:\/\/inclita.es\/index.php\/wp-json\/wp\/v2\/comments?post=2"}],"version-history":[{"count":14,"href":"https:\/\/inclita.es\/index.php\/wp-json\/wp\/v2\/pages\/2\/revisions"}],"predecessor-version":[{"id":610,"href":"https:\/\/inclita.es\/index.php\/wp-json\/wp\/v2\/pages\/2\/revisions\/610"}],"wp:attachment":[{"href":"https:\/\/inclita.es\/index.php\/wp-json\/wp\/v2\/media?parent=2"}],"curies":[{"name":"wp","href":"https:\/\/api.w.org\/{rel}","templated":true}]}}